{"id":22,"date":"2023-11-16T14:50:16","date_gmt":"2023-11-16T13:50:16","guid":{"rendered":"https:\/\/cfs-hbs.org\/?page_id=22"},"modified":"2024-01-06T17:38:39","modified_gmt":"2024-01-06T16:38:39","slug":"associations","status":"publish","type":"page","link":"https:\/\/cfs-hbs.org\/?page_id=22","title":{"rendered":"Associations"},"content":{"rendered":"\n<div class=\"wp-block-cover alignfull is-light\" style=\"min-height:597px\"><span aria-hidden=\"true\" class=\"wp-block-cover__background has-background-dim-100 has-background-dim\" style=\"background-color:#ffffff\"><\/span><div class=\"wp-block-cover__inner-container is-layout-flow wp-block-cover-is-layout-flow\">\n<div class=\"wp-block-media-text alignwide is-stacked-on-mobile is-vertically-aligned-center is-image-fill\" style=\"grid-template-columns:56% auto\"><figure class=\"wp-block-media-text__media\" style=\"background-image:url(http:\/\/cfs-hbs.org\/wp-content\/uploads\/2023\/12\/347418091_605882314969145_6508336687041329452_n-1024x450.jpg);background-position:50% 50%\"><img fetchpriority=\"high\" decoding=\"async\" width=\"1024\" height=\"450\" src=\"http:\/\/cfs-hbs.org\/wp-content\/uploads\/2023\/12\/347418091_605882314969145_6508336687041329452_n-1024x450.jpg\" alt=\"\" class=\"wp-image-130 size-full\" srcset=\"https:\/\/cfs-hbs.org\/wp-content\/uploads\/2023\/12\/347418091_605882314969145_6508336687041329452_n-1024x450.jpg 1024w, https:\/\/cfs-hbs.org\/wp-content\/uploads\/2023\/12\/347418091_605882314969145_6508336687041329452_n-300x132.jpg 300w, https:\/\/cfs-hbs.org\/wp-content\/uploads\/2023\/12\/347418091_605882314969145_6508336687041329452_n-768x337.jpg 768w, https:\/\/cfs-hbs.org\/wp-content\/uploads\/2023\/12\/347418091_605882314969145_6508336687041329452_n-1536x674.jpg 1536w, https:\/\/cfs-hbs.org\/wp-content\/uploads\/2023\/12\/347418091_605882314969145_6508336687041329452_n.jpg 1968w\" sizes=\"(max-width: 1024px) 100vw, 1024px\" \/><\/figure><div class=\"wp-block-media-text__content\">\n<h2 class=\"wp-block-heading has-text-color\" style=\"color:#000000;font-size:32px\"><strong>Les associations membres<\/strong><\/h2>\n\n\n\n<p>Le Collectif &nbsp;Femmes et Solidarit\u00e9 de Bobo-Dioulasso est un r\u00e9seau d\u2019associations f\u00e9minines \u0153uvrant pour la promotion de la sant\u00e9 et du bien \u00eatre socio \u00e9conomique de la femme\/fille. Il regroupe actuellement quarante quatre (44) associations f\u00e9minines avec environs 1575 membres \u0153uvrant dans divers domaines d\u2019interventions<\/p>\n\n\n\n<p class=\"has-text-color\" style=\"color:#000000;font-size:17px\">.<\/p>\n\n\n\n<div class=\"wp-block-buttons is-layout-flex wp-block-buttons-is-layout-flex\">\n<div class=\"wp-block-button is-style-fill\"><a class=\"wp-block-button__link wp-element-button\" href=\"https:\/\/cfs-hbs.org\/?page_id=25\">EN SAVOIR PLUS<\/a><\/div>\n<\/div>\n<\/div><\/div>\n<\/div><\/div>\n\n\n\n<details class=\"wp-block-details is-layout-flow wp-block-details-is-layout-flow\"><summary>1. Association Tous contre l\u2019Hypertension Art\u00e9rielle et les maladies cardiovasculaires (ATH)<\/summary>\n<p><strong>Localit\u00e9<\/strong> : Bobo Dioulasso (Houet)  <strong>1\u00e8re responsable<\/strong> :  SANOU\/KONATE Mariam    <strong>Contacts<\/strong> : +226 70 70 29 44 \/ 76 63 37 01  mayomabobo@yahoo.fr<\/p>\n<\/details>\n\n\n\n<details class=\"wp-block-details is-layout-flow wp-block-details-is-layout-flow\"><summary>2. Association Humanisme Action Espoir (HAES)<\/summary>\n<p><strong>Localit\u00e9<\/strong> : Bobo Dioulasso (Houet)  <strong>1\u00e8re responsable<\/strong> :  TRAORE Papa Djoumatou    <strong>Contacts<\/strong> : +226 70 22 28 88<\/p>\n<\/details>\n\n\n\n<details class=\"wp-block-details is-layout-flow wp-block-details-is-layout-flow\"><summary>3. Association Miriyagnouma<\/summary>\n<p><strong>Localit\u00e9<\/strong> : Bobo Dioulasso (Houet)  <strong>1\u00e8re responsable<\/strong> :  TRAORE\/KONE A\u00eechatt    <strong>Contacts<\/strong> : +226 70 96 91 01<\/p>\n<\/details>\n\n\n\n<details class=\"wp-block-details is-layout-flow wp-block-details-is-layout-flow\"><summary>4. Association Femmes et Enfants pour le D\u00e9veloppement<\/summary>\n<p><strong>Localit\u00e9<\/strong> : Hound\u00e9 (Tuy)  <strong>1\u00e8re responsable<\/strong> :  TRAORE BOGNINI\/SOME Lessir\u00e9bon C\u00e9cile    <strong>Contacts<\/strong> : +226 76 68 01 72<\/p>\n<\/details>\n\n\n\n<details class=\"wp-block-details is-layout-flow wp-block-details-is-layout-flow\"><summary>5. Assiation Foti Mogo Ban sect 11<\/summary>\n<p><strong><strong>Localit\u00e9<\/strong> : <\/strong>Bobo Dioulasso (Houet) <strong> <strong>1\u00e8re responsable<\/strong> :  <\/strong>BARRO\/ SIDIBE Ka\u00eeza<strong>    <strong>Contacts<\/strong> : <\/strong>+226 73 04 11 83<\/p>\n<\/details>\n\n\n\n<details class=\"wp-block-details is-layout-flow wp-block-details-is-layout-flow\"><summary>6. Association des Stylistes Mod\u00e9listes et Couturi\u00e8res de la provinces des Hauts Bassins<\/summary>\n<p><strong><strong>Localit\u00e9<\/strong> : <\/strong>Bobo Dioulasso (Houet) <strong> <strong>1\u00e8re responsable<\/strong> :  <\/strong>COULIBALY Awa<strong>    <strong>Contacts<\/strong> : <\/strong>+226 76 12 87 80<\/p>\n<\/details>\n\n\n\n<details class=\"wp-block-details is-layout-flow wp-block-details-is-layout-flow\"><summary>7. Association pour Promotion de la Sant\u00e9 Femme (APSAFA)<\/summary>\n<p><strong><strong>Localit\u00e9<\/strong> : <\/strong>Bobo Dioulasso (Houet) <strong> <strong>1\u00e8re responsable<\/strong> :  <\/strong>KANAZOE NANTENE Boundi<strong>    <strong>Contacts<\/strong> : <\/strong>+226 70 26 46 24<\/p>\n<\/details>\n\n\n\n<details class=\"wp-block-details is-layout-flow wp-block-details-is-layout-flow\"><summary>8. Association BENKADI Belle ville 11<\/summary>\n<p><strong><strong>Localit\u00e9<\/strong> : <\/strong>Bobo Dioulasso (Houet) <strong> <strong>1\u00e8re responsable<\/strong> :  <\/strong>BADINI\/ OUEDRAOGO Awa<strong>   <strong>Contacts<\/strong> : <\/strong>+226 76 58 10 91<\/p>\n<\/details>\n\n\n\n<details class=\"wp-block-details is-layout-flow wp-block-details-is-layout-flow\"><summary>9. Association REVE DE FEMME Groupe El\u00e9gance<\/summary>\n<p><strong><strong>Localit\u00e9<\/strong> : <\/strong>Bobo Dioulasso (Houet) <strong> <strong>1\u00e8re responsable<\/strong> :  <\/strong>SAWADOGO Sarata<strong>    <strong>Contacts<\/strong> : <\/strong>+226 78 18 62 63<\/p>\n<\/details>\n\n\n\n<details class=\"wp-block-details is-layout-flow wp-block-details-is-layout-flow\"><summary>10. Association Femmes Leaders de Colma<\/summary>\n<p><strong><strong>Localit\u00e9<\/strong> : <\/strong>Bobo Dioulasso (Houet) <strong> <strong>1\u00e8re responsable<\/strong> :  <\/strong>BIDIGA Dj\u00e8n\u00e8ba<strong>    <strong>Contacts<\/strong> : <\/strong>+226 76 51 25 69<\/p>\n<\/details>\n\n\n\n<details class=\"wp-block-details is-layout-flow wp-block-details-is-layout-flow\"><summary>11. Association MOUSSO DEME<\/summary>\n<p><strong><strong>Localit\u00e9<\/strong> : <\/strong>Bobo Dioulasso (Houet) <strong> <strong>1\u00e8re responsable<\/strong> :  <\/strong>TRAORE\/ MARIKO Kan\u00e9<strong>   <strong>Contacts<\/strong> : <\/strong>+226 70 12 36 25<\/p>\n<\/details>\n\n\n\n<details class=\"wp-block-details is-layout-flow wp-block-details-is-layout-flow\"><summary>12. Association pour le Bien-\u00eatre de la Femme<\/summary>\n<p><strong><strong>Localit\u00e9<\/strong> : <\/strong>Bobo Dioulasso (Houet) <strong> <strong>1\u00e8re responsable<\/strong> :  <\/strong>OUEDRAOGO Caroline<strong>  <strong>Contacts<\/strong> : <\/strong>+226 70 70 32 90<\/p>\n<\/details>\n\n\n\n<details class=\"wp-block-details is-layout-flow wp-block-details-is-layout-flow\"><summary>13. Association des Femmes de la cit\u00e9 du Verger<\/summary>\n<p><strong><strong>Localit\u00e9<\/strong> : <\/strong>Orodara (K\u00e9n\u00e9dougou) <strong> <strong>1\u00e8re responsable<\/strong> :  <\/strong>SANOU\/TRAORE Sira<strong>  <strong>Contacts<\/strong> : <\/strong>+226 70 52 52 43<\/p>\n<\/details>\n\n\n\n<details class=\"wp-block-details is-layout-flow wp-block-details-is-layout-flow\"><summary>14. Gnataga Kentolo de L\u00e9na<\/summary>\n<p><strong><strong>Localit\u00e9<\/strong> :<\/strong> Lena (Houet) <strong> <strong>1\u00e8re responsable<\/strong> :  <\/strong>MILLO Dj\u00e9lia<strong>  <strong>Contacts<\/strong> : <\/strong>+226 71 81 01 76<\/p>\n<\/details>\n\n\n\n<details class=\"wp-block-details is-layout-flow wp-block-details-is-layout-flow\"><summary>15. Siguignogoya de Karangasso Sambla<\/summary>\n<p><strong><strong>Localit\u00e9<\/strong> :<\/strong> Karangasso Sambla (Houet) <strong> <strong>1\u00e8re responsable<\/strong> :  <\/strong>TRAORE Sita<strong>  <strong>Contacts<\/strong> : <\/strong>+226 78 21 31 45<\/p>\n<\/details>\n\n\n\n<details class=\"wp-block-details is-layout-flow wp-block-details-is-layout-flow\"><summary>16. Association pour le D\u00e9veloppement Sinignassigui de Bama<\/summary>\n<p><strong><strong>Localit\u00e9<\/strong> :<\/strong> Karangasso Sambla (Houet) <strong> <strong>1\u00e8re responsable<\/strong> :  <\/strong>SORE Ramata<strong>  <strong>Contacts<\/strong> : <\/strong>+226 76 28 49 14<\/p>\n<\/details>\n\n\n\n<details class=\"wp-block-details is-layout-flow wp-block-details-is-layout-flow\"><summary>17. Benkadi de Satiri<\/summary>\n<p><strong><strong>Localit\u00e9<\/strong> :<\/strong> Satiri (Houet) <strong> <strong>1\u00e8re responsable<\/strong> :  <\/strong>TRAORE Awa<strong>  <strong>Contacts<\/strong> : <\/strong>+226 76 55 46 94<\/p>\n<\/details>\n\n\n\n<details class=\"wp-block-details is-layout-flow wp-block-details-is-layout-flow\"><summary>18. Association Sabarikagni de P\u00e9ni<\/summary>\n<p><strong><strong>Localit\u00e9<\/strong> :<\/strong> P\u00e9ni (Houet) <strong> <strong>1\u00e8re responsable<\/strong> :  <\/strong>OUATTARA Djalaka<strong>  <strong>Contacts<\/strong> : <\/strong>+226 71 55 91 39<\/p>\n<\/details>\n\n\n\n<details class=\"wp-block-details is-layout-flow wp-block-details-is-layout-flow\"><summary>19. Association Foti Mogo Ban sect 10<\/summary>\n<p><strong><strong>Localit\u00e9<\/strong> : <\/strong>Bobo Dioulasso (Houet) <strong> <strong>1\u00e8re responsable<\/strong> :  <\/strong>OUARMA Christine<strong>  <strong>Contacts<\/strong> : <\/strong>+226 70 72 79 77<\/p>\n<\/details>\n\n\n\n<details class=\"wp-block-details is-layout-flow wp-block-details-is-layout-flow\"><summary>20. Association SABABOUGNOUMA<\/summary>\n<p><strong><strong>Localit\u00e9<\/strong> : <\/strong>Bobo Dioulasso (Houet) <strong> <strong>1\u00e8re responsable<\/strong> :  <\/strong>DOUMBIA\/DAO Sita<strong>  <strong>Contacts<\/strong> : <\/strong>+226 76 08 49 25<\/p>\n<\/details>\n\n\n\n<details class=\"wp-block-details is-layout-flow wp-block-details-is-layout-flow\"><summary>21. Association Bont\u00e9 du c\u0153ur<\/summary>\n<p><strong><strong>Localit\u00e9<\/strong> : <\/strong>Bobo Dioulasso (Houet) <strong> <strong>1\u00e8re responsable<\/strong> :  <\/strong>BAMOUNI Sita<strong>  <strong>Contacts<\/strong> : <\/strong>+226 70 96 45 81<\/p>\n<\/details>\n\n\n\n<details class=\"wp-block-details is-layout-flow wp-block-details-is-layout-flow\"><summary>22. Association Bendia de F\u00f4<\/summary>\n<p><strong><strong>Localit\u00e9<\/strong> : <\/strong>F\u00f4 (Houet) <strong> <strong>1\u00e8re responsable<\/strong> :  <\/strong>SANOU Ardjata<strong>  <strong>Contacts<\/strong> : <\/strong>+226 76 89 02 25<\/p>\n<\/details>\n\n\n\n<details class=\"wp-block-details is-layout-flow wp-block-details-is-layout-flow\"><summary>23. Association vaincre le cancer<\/summary>\n<p><strong><strong>Localit\u00e9<\/strong> : <\/strong>Bobo Dioulasso (Houet) <strong> <strong>1\u00e8re responsable<\/strong> :  <\/strong>KALMOGO<strong> <strong>Contacts<\/strong> : <\/strong>+226 63 44 98 22<\/p>\n<\/details>\n\n\n\n<details class=\"wp-block-details is-layout-flow wp-block-details-is-layout-flow\"><summary>24. Association Neb La Naam<\/summary>\n<p><strong><strong>Localit\u00e9<\/strong> : <\/strong>Bobo Dioulasso (Houet) <strong> <strong>1\u00e8re responsable<\/strong> :  <\/strong>MAIGA Salimata<strong> <strong>Contacts<\/strong> : <\/strong>+226 60 88 19 00<\/p>\n<\/details>\n\n\n\n<details class=\"wp-block-details is-layout-flow wp-block-details-is-layout-flow\"><summary>25. Amicale Burkinab\u00e8 des Infirmi\u00e8res<\/summary>\n<p><strong><strong>Localit\u00e9<\/strong> : <\/strong>Bobo Dioulasso (Houet) <strong> <strong>1\u00e8re responsable<\/strong> :  <\/strong>SANOU\/COULIBALY Adjara<strong> <strong>Contacts<\/strong> : <\/strong>+226 70 77 99 44<\/p>\n<\/details>\n\n\n\n<details class=\"wp-block-details is-layout-flow wp-block-details-is-layout-flow\"><summary>26. Association de Lutte contre le Paludisme et les IST (ALPIST)<\/summary>\n<p><strong><strong>Localit\u00e9<\/strong> : <\/strong>Bobo Dioulasso (Houet) <strong> <strong>1\u00e8re responsable<\/strong> :  <\/strong>ZOUNGRANA NOMBRE Mariam<strong> <strong>Contacts<\/strong> : <\/strong>+226 70 34 55 12<\/p>\n<\/details>\n\n\n\n<details class=\"wp-block-details is-layout-flow wp-block-details-is-layout-flow\"><summary>27. Association Mougnou de Y\u00e9gu\u00e9r\u00e9<\/summary>\n<p><strong><strong>Localit\u00e9<\/strong> : <\/strong>Bobo Dioulasso (Houet) <strong> <strong>1\u00e8re responsable<\/strong> :  <\/strong>BOLY\/DJIGA Fatoumata<strong> <strong>Contacts<\/strong> : <\/strong>+226 76 47 34 00<\/p>\n<\/details>\n\n\n\n<details class=\"wp-block-details is-layout-flow wp-block-details-is-layout-flow\"><summary>28. Association REVE DE FEMME Groupe El\u00e9gance<\/summary>\n<p><strong><strong>Localit\u00e9<\/strong> : <\/strong>Bobo Dioulasso (Houet) <strong> <strong>1\u00e8re responsable<\/strong> :  <\/strong>SAWADOGO Sarata<strong> <strong>Contacts<\/strong> : <\/strong>+226 53 36 61 56<\/p>\n<\/details>\n\n\n\n<details class=\"wp-block-details is-layout-flow wp-block-details-is-layout-flow\"><summary>29. Sabari Kagni<\/summary>\n<p><strong><strong>Localit\u00e9<\/strong> : <\/strong>Koloko (K\u00e9n\u00e9dougou) <strong> <strong>1\u00e8re responsable<\/strong> :  <\/strong>DIALLO Aminata<strong> <strong>Contacts<\/strong> : <\/strong>+226 71 09 65 71<\/p>\n<\/details>\n\n\n\n<details class=\"wp-block-details is-layout-flow wp-block-details-is-layout-flow\"><summary>30. Association pour la Lutte contre la Pauvret\u00e9, l\u2019Analphab\u00e9tisme et la Traite des Enfants (ALPATE)<\/summary>\n<p><strong><strong>Localit\u00e9<\/strong> : <\/strong>Bobo Dioulasso (Houet) <strong><strong>1\u00e8re responsable<\/strong> : <\/strong>PAROU H\u00e9l\u00e8ne<strong> <strong>Contacts<\/strong> : <\/strong>+226 55 00 39 19<\/p>\n<\/details>\n\n\n\n<details class=\"wp-block-details is-layout-flow wp-block-details-is-layout-flow\"><summary>31. Association T\u00e9\u00e9ga Wend\u00e9<\/summary>\n<p><strong><strong>Localit\u00e9<\/strong> : <\/strong>Bobo Dioulasso (Houet) <strong><strong>1\u00e8re responsable<\/strong> : <\/strong>KONFE Mariam<strong> <strong>Contacts<\/strong> : <\/strong>+226 65 76 68 06<\/p>\n<\/details>\n\n\n\n<details class=\"wp-block-details is-layout-flow wp-block-details-is-layout-flow\"><summary>32. Association MEME C\u0152UR<\/summary>\n<p><strong><strong>Localit\u00e9<\/strong> : <\/strong>Bobo Dioulasso (Houet) <strong><strong>1\u00e8re responsable<\/strong> : <\/strong>SAWADOGO Mariam<strong> <strong>Contacts<\/strong> : <\/strong>+226 74 52 66 99<\/p>\n<\/details>\n\n\n\n<details class=\"wp-block-details is-layout-flow wp-block-details-is-layout-flow\"><summary>33. Association YERETA-SRA<\/summary>\n<p><strong><strong>Localit\u00e9<\/strong> : <\/strong>Bobo Dioulasso (Houet) <strong><strong>1\u00e8re responsable<\/strong> : <\/strong>KONE Hassanatou<strong> <strong>Contacts<\/strong> : <\/strong>+226 71 14 49 40<\/p>\n<\/details>\n\n\n\n<details class=\"wp-block-details is-layout-flow wp-block-details-is-layout-flow\"><summary>34. Association Faso Kadi<\/summary>\n<p><strong><strong>Localit\u00e9<\/strong> : <\/strong>Bobo Dioulasso (Houet) <strong><strong>1\u00e8re responsable<\/strong> : <\/strong>KONATE Missira<strong> <strong>Contacts<\/strong> : <\/strong>+226 55 22 3 18<\/p>\n<\/details>\n\n\n\n<details class=\"wp-block-details is-layout-flow wp-block-details-is-layout-flow\"><summary>35. Association Benkadi des Femmes du secteur 29<\/summary>\n<p><strong><strong>Localit\u00e9<\/strong> : <\/strong>Bobo Dioulasso (Houet) <strong><strong>1\u00e8re responsable<\/strong> : <\/strong>KY\/KY S\u00e9tou <strong><strong>Contacts<\/strong> : <\/strong>+226 76 40 22 88<\/p>\n<\/details>\n\n\n\n<details class=\"wp-block-details is-layout-flow wp-block-details-is-layout-flow\"><summary>36. Association Fasodengnouma<\/summary>\n<p><strong><strong>Localit\u00e9<\/strong> : <\/strong>Bobo Dioulasso (Houet) <strong><strong>1\u00e8re responsable<\/strong> : <\/strong>DAO Fatoumata <strong><strong>Contacts<\/strong> : <\/strong>+226 63 83 26 31<\/p>\n<\/details>\n\n\n\n<details class=\"wp-block-details is-layout-flow wp-block-details-is-layout-flow\"><summary>37. Association Dougou Kadi<\/summary>\n<p><strong><strong>Localit\u00e9<\/strong> : <\/strong>Bobo Dioulasso (Houet) <strong><strong>1\u00e8re responsable<\/strong> : <\/strong>CISSE Minata <strong><strong>Contacts<\/strong> : <\/strong>+226 63 26 73 52<\/p>\n<\/details>\n\n\n\n<details class=\"wp-block-details is-layout-flow wp-block-details-is-layout-flow\"><summary>38. Association Femme Enfant et D\u00e9veloppement (AFED)<\/summary>\n<p><strong><strong>Localit\u00e9<\/strong> : <\/strong>Bobo Dioulasso (Houet) <strong><strong>1\u00e8re responsable<\/strong> :<\/strong> KOITA Mamounata <strong><strong>Contacts<\/strong> : <\/strong>+226 76 58 16 11<\/p>\n<\/details>\n\n\n\n<details class=\"wp-block-details is-layout-flow wp-block-details-is-layout-flow\"><summary>39. Association pour la D\u00e9fense et l\u2019Epanouissement de la Femme<\/summary>\n<p><strong><strong>Localit\u00e9<\/strong> : <\/strong>Bobo Dioulasso (Houet) <strong><strong>1\u00e8re responsable<\/strong> :<\/strong> KANTIONO Suzanne <strong><strong>Contacts<\/strong> : <\/strong>+226 71 11 06 04<\/p>\n<\/details>\n\n\n\n<details class=\"wp-block-details is-layout-flow wp-block-details-is-layout-flow\"><summary>40. Soci\u00e9t\u00e9 coop\u00e9rative YANTAGA POUR L\u2019ASSAINISSEMENT DE BAMA<\/summary>\n<p><strong><strong>Localit\u00e9<\/strong> : <\/strong>Bama (Houet) <strong><strong>1\u00e8re responsable<\/strong> :<\/strong> SANGARE Orokia <strong><strong>Contacts<\/strong> : <\/strong>+226 76 31 48 03<\/p>\n<\/details>\n\n\n\n<details class=\"wp-block-details is-layout-flow wp-block-details-is-layout-flow\"><summary>41. Association des Femmes Engag\u00e9es pour le D\u00e9veloppement ( AFED)<\/summary>\n<p><strong><strong>Localit\u00e9<\/strong> : <\/strong>Bobo Dioulasso (Houet) <strong><strong>1\u00e8re responsable<\/strong> :<\/strong> NAPON\/SANOU Laurencia <strong><strong>Contacts<\/strong> : <\/strong>+226 70 25 29 93<\/p>\n<\/details>\n\n\n\n<p><\/p>\n","protected":false},"excerpt":{"rendered":"","protected":false},"author":1,"featured_media":0,"parent":0,"menu_order":0,"comment_status":"closed","ping_status":"closed","template":"","meta":{"footnotes":""},"aioseo_notices":[],"_links":{"self":[{"href":"https:\/\/cfs-hbs.org\/index.php?rest_route=\/wp\/v2\/pages\/22"}],"collection":[{"href":"https:\/\/cfs-hbs.org\/index.php?rest_route=\/wp\/v2\/pages"}],"about":[{"href":"https:\/\/cfs-hbs.org\/index.php?rest_route=\/wp\/v2\/types\/page"}],"author":[{"embeddable":true,"href":"https:\/\/cfs-hbs.org\/index.php?rest_route=\/wp\/v2\/users\/1"}],"replies":[{"embeddable":true,"href":"https:\/\/cfs-hbs.org\/index.php?rest_route=%2Fwp%2Fv2%2Fcomments&post=22"}],"version-history":[{"count":15,"href":"https:\/\/cfs-hbs.org\/index.php?rest_route=\/wp\/v2\/pages\/22\/revisions"}],"predecessor-version":[{"id":175,"href":"https:\/\/cfs-hbs.org\/index.php?rest_route=\/wp\/v2\/pages\/22\/revisions\/175"}],"wp:attachment":[{"href":"https:\/\/cfs-hbs.org\/index.php?rest_route=%2Fwp%2Fv2%2Fmedia&parent=22"}],"curies":[{"name":"wp","href":"https:\/\/api.w.org\/{rel}","templated":true}]}}