{"id":25,"date":"2023-11-16T14:50:16","date_gmt":"2023-11-16T13:50:16","guid":{"rendered":"https:\/\/cfs-hbs.org\/?page_id=25"},"modified":"2023-12-03T21:09:36","modified_gmt":"2023-12-03T20:09:36","slug":"a-propos","status":"publish","type":"page","link":"https:\/\/cfs-hbs.org\/?page_id=25","title":{"rendered":"A propos"},"content":{"rendered":"\n<p>Le Collectif des femmes et solidarit\u00e9 de Bobo-Dioulasso est un r\u00e9seau d\u2019associations f\u00e9minines \u0153uvrant pour&nbsp; la promotion de la femme. Il a \u00e9t\u00e9 cr\u00e9e en&nbsp; 2002. Le Collectif regroupe actuellement vingt cinq &nbsp;(25)&nbsp; associations f\u00e9minines dont 875 &nbsp;membres \u0153uvrant dans divers domaines d\u2019interventions.&nbsp;Toute chose faisant de lui un espace de partage d\u2019exp\u00e9rience et de compl\u00e9mentarit\u00e9.<\/p>\n\n\n\n<h1 class=\"wp-block-heading has-text-align-center has-x-large-font-size\"><strong>LES OBJECTIFS DU COLLECTIF<\/strong><\/h1>\n\n\n\n<p>Le club a pour objectifs :<\/p>\n\n\n\n<ul>\n<li>L\u2019encadrement et le soutien aux associations f\u00e9minines de la ville et des d\u00e9partements environnements dans la recherche des moyens n\u00e9cessaires \u00e0 leurs promotions&nbsp;;<\/li>\n\n\n\n<li>Le renforcement des capacit\u00e9s organisationnelles et techniques des structures communautaires f\u00e9minines&nbsp;;<\/li>\n\n\n\n<li>L\u2019initiation et la mise en \u0153uvre de projets de d\u00e9veloppement socio-\u00e9conomiques&nbsp;;<\/li>\n\n\n\n<li>Le renforcement de la solidarit\u00e9 entre les organisations f\u00e9minines&nbsp;;<\/li>\n\n\n\n<li>La promotion du d\u00e9veloppement communautaire comme axe de d\u00e9veloppement ;<\/li>\n\n\n\n<li>La promotion de la sant\u00e9 de la femme ;<\/li>\n\n\n\n<li>La promotion de l\u2019environnement ;<\/li>\n\n\n\n<li>L\u2019\u00e9ducation et alphab\u00e9tisation des femmes ;<\/li>\n\n\n\n<li>La prise en charge des enfants d\u00e9munis ;<\/li>\n\n\n\n<li>Autonomisation des femmes en situation de handicap.<\/li>\n<\/ul>\n\n\n\n<h1 class=\"wp-block-heading has-text-align-center\"><strong>VISIONS<\/strong><\/h1>\n\n\n\n<p>La vision du collectif se fonde sur une philosophie participative centr\u00e9e sur nos objectifs et nos valeurs pour l\u2019\u00e9panouissement de la femme. Elle vise \u00e0 outiller en mettant l\u2019accent sur les activit\u00e9s et services favorisant le partage d\u2019exp\u00e9riences la transmission de connaissance et le d\u00e9veloppement.<\/p>\n\n\n\n<h1 class=\"wp-block-heading has-text-align-center\"><strong>MISSIONS<\/strong><\/h1>\n\n\n\n<p>Le Collectif a pour missions : <\/p>\n\n\n\n<ul>\n<li>Promouvoir le bien \u00eatre socio-\u00e9conomique, \u00e9ducatif et sanitaire de la femme, vulgariser, d\u00e9velopper et soutenir les activit\u00e9s des femmes ;<\/li>\n\n\n\n<li>Apporter&nbsp; assistance, conseil et formations aux femmes ;<\/li>\n\n\n\n<li>Assurer le plaidoyer aupr\u00e8s des institutions et&nbsp; pouvoirs publics pour la promotion de la femme ;<\/li>\n\n\n\n<li>Favoriser et entretenir l\u2019esprit de coh\u00e9sion d\u2019entraide dans le groupe&nbsp; et de collaboration avec toute organisation favorable aux id\u00e9aux du collectif.<\/li>\n<\/ul>\n\n\n\n<h1 class=\"wp-block-heading has-text-align-center\"><strong>VALEURS<\/strong><\/h1>\n\n\n\n<p>Le Collectif porte les valeurs suivantes :<\/p>\n\n\n\n<ul>\n<li>La solidarit\u00e9<\/li>\n\n\n\n<li>Le Respect<\/li>\n\n\n\n<li>La transparence<\/li>\n\n\n\n<li>L\u2019engagement<\/li>\n\n\n\n<li>la bonne gouvernance<\/li>\n\n\n\n<li>L\u2019Ouverture et la coh\u00e9sion<\/li>\n<\/ul>\n\n\n\n<p>Le collectif&nbsp; est administr\u00e9 par un bureau ex\u00e9cutif de 15 membres&nbsp; \u00e9lues en assembl\u00e9e g\u00e9n\u00e9ral. Cette \u00e9quipe assure la gestion quotidienne de la structure. Elle est appuy\u00e9e par un secr\u00e9tariat permanent<\/p>\n\n\n\n<h1 class=\"wp-block-heading has-text-align-center\"><strong>LES ACTIVITES DU COLLECTIF<\/strong><\/h1>\n\n\n\n<p>Le Collectif m\u00e8ne comme activit\u00e9s :<\/p>\n\n\n\n<ul>\n<li>La mobilisation sociale des associations pour les activit\u00e9s du collectif ;<\/li>\n\n\n\n<li>La participation \u00e0 toutes les activit\u00e9s socio \u00e9conomiques et culturelles en faveur de la femme dans la province du Houet ;<\/li>\n\n\n\n<li>Le plaidoyer pour la&nbsp; recherche de partenaires et de financements pour les activit\u00e9s des associations ;<\/li>\n\n\n\n<li>Le&nbsp; renforcement des capacit\u00e9s et des comp\u00e9tences&nbsp; des associations membres ;<\/li>\n\n\n\n<li>L\u2019\u00e9laboration de plans d\u2019actions ;<\/li>\n\n\n\n<li>Le&nbsp; suivi \u00e9valuation des activit\u00e9s des associations membres&nbsp;;<\/li>\n\n\n\n<li>L\u2019\u00e9laboration&nbsp; des rapports techniques et financiers des activit\u00e9s de coordination du collectif et activit\u00e9s de terrains des associations ;<\/li>\n\n\n\n<li>La&nbsp; promotion de la bonne gouvernance au sein des associations et la&nbsp; m\u00e9diation au sein des associations, etc.<\/li>\n<\/ul>\n","protected":false},"excerpt":{"rendered":"<p>Le Collectif des femmes et solidarit\u00e9 de Bobo-Dioulasso est un r\u00e9seau d\u2019associations f\u00e9minines \u0153uvrant pour&nbsp; la promotion de la femme. Il a \u00e9t\u00e9 cr\u00e9e en&nbsp; 2002. Le Collectif regroupe actuellement vingt cinq &nbsp;(25)&nbsp; associations f\u00e9minines dont 875 &nbsp;membres \u0153uvrant dans divers domaines d\u2019interventions.&nbsp;Toute chose faisant de lui un espace de [&hellip;]<\/p>\n","protected":false},"author":1,"featured_media":0,"parent":0,"menu_order":0,"comment_status":"closed","ping_status":"closed","template":"","meta":{"footnotes":""},"aioseo_notices":[],"_links":{"self":[{"href":"https:\/\/cfs-hbs.org\/index.php?rest_route=\/wp\/v2\/pages\/25"}],"collection":[{"href":"https:\/\/cfs-hbs.org\/index.php?rest_route=\/wp\/v2\/pages"}],"about":[{"href":"https:\/\/cfs-hbs.org\/index.php?rest_route=\/wp\/v2\/types\/page"}],"author":[{"embeddable":true,"href":"https:\/\/cfs-hbs.org\/index.php?rest_route=\/wp\/v2\/users\/1"}],"replies":[{"embeddable":true,"href":"https:\/\/cfs-hbs.org\/index.php?rest_route=%2Fwp%2Fv2%2Fcomments&post=25"}],"version-history":[{"count":9,"href":"https:\/\/cfs-hbs.org\/index.php?rest_route=\/wp\/v2\/pages\/25\/revisions"}],"predecessor-version":[{"id":125,"href":"https:\/\/cfs-hbs.org\/index.php?rest_route=\/wp\/v2\/pages\/25\/revisions\/125"}],"wp:attachment":[{"href":"https:\/\/cfs-hbs.org\/index.php?rest_route=%2Fwp%2Fv2%2Fmedia&parent=25"}],"curies":[{"name":"wp","href":"https:\/\/api.w.org\/{rel}","templated":true}]}}